{"id":10,"date":"2021-01-04T15:51:38","date_gmt":"2021-01-04T14:51:38","guid":{"rendered":"http:\/\/www.akube.fr\/?page_id=10"},"modified":"2023-11-17T00:50:32","modified_gmt":"2023-11-16T23:50:32","slug":"contact","status":"publish","type":"page","link":"https:\/\/www.akube.fr\/","title":{"rendered":"Bienvenue"},"content":{"rendered":"\n<p><em>d\u00e9couvrez de beaux projets de r\u00e9novation &amp; d&rsquo;am\u00e9nagements&#8230;sur le site d&rsquo;<a href=\"https:\/\/annechemineau.com\/\">Anne Chemineau<\/a>. <\/em><\/p>\n\n\n\n<p><em>Le fruit d&rsquo;une belle rencontre et le plaisir d&rsquo;un travail \u00e0 4 mains depuis d\u00e9but 2021 ! <\/em><\/p>\n","protected":false},"excerpt":{"rendered":"<p>d\u00e9couvrez de beaux projets de r\u00e9novation &amp; d&rsquo;am\u00e9nagements&#8230;sur le site d&rsquo;Anne Chemineau. Le fruit d&rsquo;une belle rencontre et le plaisir d&rsquo;un travail \u00e0 4 mains depuis d\u00e9but 2021 !<\/p>\n","protected":false},"author":1,"featured_media":0,"parent":0,"menu_order":0,"comment_status":"closed","ping_status":"closed","template":"","meta":[],"_links":{"self":[{"href":"https:\/\/www.akube.fr\/index.php?rest_route=\/wp\/v2\/pages\/10"}],"collection":[{"href":"https:\/\/www.akube.fr\/index.php?rest_route=\/wp\/v2\/pages"}],"about":[{"href":"https:\/\/www.akube.fr\/index.php?rest_route=\/wp\/v2\/types\/page"}],"author":[{"embeddable":true,"href":"https:\/\/www.akube.fr\/index.php?rest_route=\/wp\/v2\/users\/1"}],"replies":[{"embeddable":true,"href":"https:\/\/www.akube.fr\/index.php?rest_route=%2Fwp%2Fv2%2Fcomments&post=10"}],"version-history":[{"count":6,"href":"https:\/\/www.akube.fr\/index.php?rest_route=\/wp\/v2\/pages\/10\/revisions"}],"predecessor-version":[{"id":75,"href":"https:\/\/www.akube.fr\/index.php?rest_route=\/wp\/v2\/pages\/10\/revisions\/75"}],"wp:attachment":[{"href":"https:\/\/www.akube.fr\/index.php?rest_route=%2Fwp%2Fv2%2Fmedia&parent=10"}],"curies":[{"name":"wp","href":"https:\/\/api.w.org\/{rel}","templated":true}]}}